{"id":6533,"date":"2015-09-30T11:19:25","date_gmt":"2015-09-30T10:19:25","guid":{"rendered":"http:\/\/www.adventureradio.de\/?page_id=6533"},"modified":"2016-01-28T12:17:40","modified_gmt":"2016-01-28T11:17:40","slug":"vhf","status":"publish","type":"page","link":"https:\/\/www.adventureradio.de\/?page_id=6533","title":{"rendered":"VHF"},"content":{"rendered":"<figure id=\"attachment_750\" aria-describedby=\"caption-attachment-750\" style=\"width: 300px\" class=\"wp-caption alignleft\"><a href=\"https:\/\/www.adventureradio.de\/wp-content\/uploads\/2010\/07\/0007.jpg\"><img loading=\"lazy\" decoding=\"async\" class=\"size-medium wp-image-750\" src=\"https:\/\/www.adventureradio.de\/wp-content\/uploads\/2010\/07\/0007-300x199.jpg\" alt=\"DK7ZB Ultralight Yagi 2m\/70cm\" width=\"300\" height=\"199\" srcset=\"https:\/\/www.adventureradio.de\/wp-content\/uploads\/2010\/07\/0007-300x199.jpg 300w, https:\/\/www.adventureradio.de\/wp-content\/uploads\/2010\/07\/0007-624x415.jpg 624w, https:\/\/www.adventureradio.de\/wp-content\/uploads\/2010\/07\/0007.jpg 800w\" sizes=\"auto, (max-width: 300px) 100vw, 300px\" \/><\/a><figcaption id=\"caption-attachment-750\" class=\"wp-caption-text\">DK7ZB Ultralight Yagi 2m\/70cm<\/figcaption><\/figure>\n<p>In den Untermen\u00fcs gibt es Aufstellungen und \u00dcbersichten verschiedener UKW Aktivit\u00e4ten<\/p>\n<ul>\n<li><a href=\"https:\/\/www.adventureradio.de\/?page_id=967\">VHF odx<\/a><\/li>\n<li><a href=\"https:\/\/www.adventureradio.de\/?page_id=6515\">AGCW VHF Ergebnisse<\/a><\/li>\n<li>NAC \/ WNA Ergebnisse<\/li>\n<\/ul>\n","protected":false},"excerpt":{"rendered":"<p>In den Untermen\u00fcs gibt es Aufstellungen und \u00dcbersichten verschiedener UKW Aktivit\u00e4ten VHF odx AGCW VHF Ergebnisse NAC \/ WNA Ergebnisse<\/p>\n","protected":false},"author":3,"featured_media":0,"parent":3714,"menu_order":1,"comment_status":"closed","ping_status":"closed","template":"","meta":{"footnotes":""},"class_list":["post-6533","page","type-page","status-publish","hentry"],"_links":{"self":[{"href":"https:\/\/www.adventureradio.de\/index.php?rest_route=\/wp\/v2\/pages\/6533","targetHints":{"allow":["GET"]}}],"collection":[{"href":"https:\/\/www.adventureradio.de\/index.php?rest_route=\/wp\/v2\/pages"}],"about":[{"href":"https:\/\/www.adventureradio.de\/index.php?rest_route=\/wp\/v2\/types\/page"}],"author":[{"embeddable":true,"href":"https:\/\/www.adventureradio.de\/index.php?rest_route=\/wp\/v2\/users\/3"}],"replies":[{"embeddable":true,"href":"https:\/\/www.adventureradio.de\/index.php?rest_route=%2Fwp%2Fv2%2Fcomments&post=6533"}],"version-history":[{"count":3,"href":"https:\/\/www.adventureradio.de\/index.php?rest_route=\/wp\/v2\/pages\/6533\/revisions"}],"predecessor-version":[{"id":6547,"href":"https:\/\/www.adventureradio.de\/index.php?rest_route=\/wp\/v2\/pages\/6533\/revisions\/6547"}],"up":[{"embeddable":true,"href":"https:\/\/www.adventureradio.de\/index.php?rest_route=\/wp\/v2\/pages\/3714"}],"wp:attachment":[{"href":"https:\/\/www.adventureradio.de\/index.php?rest_route=%2Fwp%2Fv2%2Fmedia&parent=6533"}],"curies":[{"name":"wp","href":"https:\/\/api.w.org\/{rel}","templated":true}]}}