{"id":409,"date":"2010-03-01T20:00:10","date_gmt":"2010-03-01T19:00:10","guid":{"rendered":"http:\/\/www.adventureradio.de\/?page_id=409"},"modified":"2022-08-25T15:14:44","modified_gmt":"2022-08-25T13:14:44","slug":"wff-world-flora-fauna","status":"publish","type":"page","link":"https:\/\/www.adventureradio.de\/?page_id=409","title":{"rendered":"WWFF"},"content":{"rendered":"<figure id=\"attachment_8361\" aria-describedby=\"caption-attachment-8361\" style=\"width: 589px\" class=\"wp-caption aligncenter\"><a href=\"https:\/\/www.adventureradio.de\/wp-content\/uploads\/2019\/08\/on4vtff02.jpg\"><img loading=\"lazy\" decoding=\"async\" class=\"wp-image-8361 size-full\" src=\"https:\/\/www.adventureradio.de\/wp-content\/uploads\/2019\/08\/on4vtff02.jpg\" alt=\"\" width=\"589\" height=\"605\" srcset=\"https:\/\/www.adventureradio.de\/wp-content\/uploads\/2019\/08\/on4vtff02.jpg 589w, https:\/\/www.adventureradio.de\/wp-content\/uploads\/2019\/08\/on4vtff02-292x300.jpg 292w\" sizes=\"auto, (max-width: 589px) 100vw, 589px\" \/><\/a><figcaption id=\"caption-attachment-8361\" class=\"wp-caption-text\">Danny, ON4VT aka OT4V, fighting with the pile up and the horse<\/figcaption><\/figure>\n<p>Das WWFF (Word Wide Flora Fauna) ist aus dem russischen WFF-Award hervorgegangen und kann eine interessante Drau\u00dfen-Aktivierung sein. Wiederum gibt es Aktivierer und J\u00e4ger. Der Aktivierer sitzt an seiner Station in einem National- oder Naturpark. Die J\u00e4ger versuchen den Aktivierer zu erreic<img loading=\"lazy\" decoding=\"async\" class=\"size-full wp-image-3555 alignleft\" style=\"margin: 5px;\" src=\"https:\/\/www.adventureradio.de\/wp-content\/uploads\/2010\/03\/Logo-WWFF-small.jpg\" alt=\"Logo-WWFF-small\" width=\"125\" height=\"125\" \/>hen. Das kann mitunter in unkontrollierbare Pile-Ups ausarten. Viele osteurop\u00e4ische Stationen bev\u00f6lkern das Pile-Up.<\/p>\n<p>Es gibt etliche nationale WWFF Awards zu erarbeiten, wie z.B. das &#8222;W DL FF&#8220;, bei dem speziell deutsche Nationalsparke, Biosph\u00e4ren Reservate und Naturparke gearbeitet werden m\u00fcssen.<\/p>\n<p>Auf den nachfolgenden Links kann man sich \u00fcber das WFF allgemein und in Deutschland speziell, informieren:<\/p>\n<table class=\"wwff\">\n<tbody>\n<tr>\n<td class=\"wwff\"><\/td>\n<td class=\"wwff\">\n<ul>\n<li><a title=\"WWFF Website\" href=\"http:\/\/www.wwff.co\" target=\"_blank\" rel=\"noopener noreferrer\">WWFF-Website<\/a><\/li>\n<li><a title=\"WWFF Map\" href=\"http:\/\/www.qwj.de\" target=\"_blank\" rel=\"noopener noreferrer\">WWFF-Karte <\/a><\/li>\n<\/ul>\n<\/td>\n<\/tr>\n<tr>\n<td class=\"wwff\"><a href=\"https:\/\/www.adventureradio.de\/wff-world-flora-fauna\/dlff_gross1\/\" rel=\"attachment wp-att-1297\"><img loading=\"lazy\" decoding=\"async\" class=\"wp-image-1297 alignleft\" src=\"https:\/\/www.adventureradio.de\/wp-content\/uploads\/2011\/05\/dlff_gross1.jpg\" alt=\"DLFF\" width=\"100\" height=\"150\" \/><\/a><\/td>\n<td class=\"wwff\">\n<ul>\n<li><a title=\"WFF DL\" href=\"https:\/\/www.funkatlas.de\/dlff\/\" target=\"_blank\" rel=\"noopener noreferrer\">DLFF &#8211; Flora &amp; Fauna DL <\/a><\/li>\n<li><a title=\"DLFF\" href=\"https:\/\/www.cqgma.org\/mvs\/index.php?w=1\" target=\"_blank\" rel=\"noopener noreferrer\">DLFF-Referenzen auf Google-Maps<\/a><\/li>\n<\/ul>\n<ul>\n<li>Bundesamt f\u00fcr Naturschutz &#8211; <a title=\"Schutzgebiete\" href=\"https:\/\/geodienste.bfn.de\/schutzgebiete?lang=en\/\" target=\"_blank\" rel=\"noopener noreferrer\">Schutzgebiete in Deutschland<\/a> (Karten\u00fcbersicht)<\/li>\n<li><a href=\"https:\/\/www.protectedplanet.net\/\" target=\"_blank\" rel=\"noopener noreferrer\">protected planet (alle Schutzgebiete weltweit)<\/a><\/li>\n<\/ul>\n<ul>\n<li><a title=\"Nationalparks in DL\" href=\"http:\/\/de.wikipedia.org\/wiki\/Nationalparks_in_Deutschland\" target=\"_blank\" rel=\"noopener noreferrer\">Nationalparks in Deutschland (Wikipedia)<\/a><\/li>\n<li><a title=\"Biosph\u00e4renreservat\" href=\"http:\/\/de.wikipedia.org\/wiki\/Biosph%C3%A4renreservat\" target=\"_blank\" rel=\"noopener noreferrer\">Biosph\u00e4renreservate (Wikipedia)<\/a><\/li>\n<li><a title=\"Naturpark\" href=\"http:\/\/de.wikipedia.org\/wiki\/Naturpark\" target=\"_blank\" rel=\"noopener noreferrer\">Naturparks in Deutschland (Wikipedia)<\/a><\/li>\n<li><a title=\"Naturparke\" href=\"http:\/\/www.naturparke.de\" target=\"_blank\" rel=\"noopener noreferrer\">www.naturparke.de<\/a><\/li>\n<\/ul>\n<ul>\n<li><a href=\"http:\/\/wwff.co\/dx-cluster\/\" target=\"_blank\" rel=\"noopener noreferrer\">WWFF-Spots<\/a><\/li>\n<\/ul>\n<\/td>\n<\/tr>\n<tr>\n<td class=\"wwff\"><a href=\"https:\/\/www.adventureradio.de\/wff-world-flora-fauna\/paff-logo\/\" rel=\"attachment wp-att-3556\"><img loading=\"lazy\" decoding=\"async\" class=\"aligncenter wp-image-3556\" src=\"https:\/\/www.adventureradio.de\/wp-content\/uploads\/2010\/03\/PAFF-logo.jpg\" alt=\"PAFF-logo\" width=\"100\" height=\"100\" srcset=\"https:\/\/www.adventureradio.de\/wp-content\/uploads\/2010\/03\/PAFF-logo.jpg 200w, https:\/\/www.adventureradio.de\/wp-content\/uploads\/2010\/03\/PAFF-logo-150x150.jpg 150w\" sizes=\"auto, (max-width: 100px) 100vw, 100px\" \/><\/a><\/td>\n<td class=\"wwff\">\n<ul>\n<li><a title=\"Nationalparke in PA\u00d8\" href=\"http:\/\/www.nationaalpark.nl\" target=\"_blank\" rel=\"noopener noreferrer\">www.nationaalpark.nl<\/a><\/li>\n<li><a title=\"PAFF\" href=\"http:\/\/www.pa-ff.nl\" target=\"_blank\" rel=\"noopener noreferrer\">pa-ff.nl<\/a> HAM Radio &amp; Flora and Fauna Netherlands<\/li>\n<\/ul>\n<\/td>\n<\/tr>\n<tr>\n<td class=\"wwff\"><a href=\"https:\/\/www.adventureradio.de\/wff-world-flora-fauna\/okff_logo\/\" rel=\"attachment wp-att-1904\"><img loading=\"lazy\" decoding=\"async\" class=\"aligncenter wp-image-1904\" src=\"https:\/\/www.adventureradio.de\/wp-content\/uploads\/2012\/01\/okff_logo.jpg\" alt=\"okff_logo\" width=\"100\" height=\"129\" \/><\/a><\/td>\n<td class=\"wwff\">\n<ul>\n<li><a title=\"Nationalparks in OK\" href=\"http:\/\/de.wikipedia.org\/wiki\/Kategorie:Nationalpark_in_Tschechien\" target=\"_blank\" rel=\"noopener noreferrer\">Nationalparks in Tschechien<\/a> (Wikipedia)<\/li>\n<li><a title=\"Naturschutzgebiete in OK\" href=\"http:\/\/de.wikipedia.org\/wiki\/Liste_der_Naturschutzgebiete_in_Tschechien\" target=\"_blank\" rel=\"noopener noreferrer\">Naturschutzgebiete in Tschechien<\/a> (Wikipedia)<\/li>\n<li><a title=\"OKFF\" href=\"http:\/\/www.wff44.cz\" target=\"_blank\" rel=\"noopener noreferrer\">wff44.cz (mit OK-Referenzliste und \u00dcbersichtskarte)<\/a><\/li>\n<\/ul>\n<p>&nbsp;<\/td>\n<\/tr>\n<tr>\n<td class=\"wwff\"><a href=\"https:\/\/www.adventureradio.de\/wff-world-flora-fauna\/logga-original-v4-h5001\/\" rel=\"attachment wp-att-1296\"><img loading=\"lazy\" decoding=\"async\" class=\"aligncenter wp-image-1296\" src=\"https:\/\/www.adventureradio.de\/wp-content\/uploads\/2011\/05\/logga-original-v4-h5001.jpg\" alt=\"SMFF\" width=\"100\" height=\"140\" \/><\/a><\/td>\n<td class=\"wwff\">\n<ul>\n<li><a title=\"Nationalparke in SM\" href=\"http:\/\/de.wikipedia.org\/wiki\/Nationalparks_in_Schweden\" target=\"_blank\" rel=\"noopener noreferrer\">Nationalparks in Schweden (Wikipedia)<\/a><\/li>\n<li><a title=\"S\u00f6k efter SMFF-Omr\u00e5den\" href=\"http:\/\/smff.sk6aw.net\/menu\/smffomr\" target=\"_blank\" rel=\"noopener noreferrer\">Suchliste SMFF via SK6AW<\/a><\/li>\n<li><a title=\"Swedish Flora Fauna\" href=\"http:\/\/www.wff.se\/\" target=\"_blank\" rel=\"noopener noreferrer\">Website SMFF Swedish Flora Fauna<\/a><\/li>\n<\/ul>\n<\/td>\n<\/tr>\n<tr>\n<td class=\"wwff\"><a href=\"https:\/\/www.adventureradio.de\/wff-world-flora-fauna\/ozff\/\" rel=\"attachment wp-att-1902\"><img loading=\"lazy\" decoding=\"async\" class=\"aligncenter wp-image-1902\" src=\"https:\/\/www.adventureradio.de\/wp-content\/uploads\/2012\/01\/ozff.jpg\" alt=\"ozff\" width=\"100\" height=\"100\" \/><\/a><\/td>\n<td class=\"wwff\">\n<ul>\n<li><a title=\"Nationalparks in D\u00e4nemark\" href=\"http:\/\/de.wikipedia.org\/wiki\/Nationalparks_in_D%C3%A4nemark\" target=\"_blank\" rel=\"noopener noreferrer\">Nationalparks in D\u00e4nemark (Wikipedia)<\/a><\/li>\n<li><a title=\"OZFF\" href=\"http:\/\/www.ozff.dk\/\" target=\"_blank\" rel=\"noopener noreferrer\">OZFF Group \/ OZFF Award<\/a><\/li>\n<li><a href=\"http:\/\/www.visitdenmark.dk\/tyskland\/de-de\/menu\/turist\/aktiv-ferie\/natur\/daenemark-nationalparks.htm\" target=\"_blank\" rel=\"noopener noreferrer\">www.visitdenmark.dk<\/a><\/li>\n<\/ul>\n<\/td>\n<\/tr>\n<\/tbody>\n<\/table>\n<p><a href=\"https:\/\/www.adventureradio.de\/wp-content\/uploads\/2019\/08\/gmaff.jpg\"><img loading=\"lazy\" decoding=\"async\" class=\"aligncenter size-full wp-image-8364\" src=\"https:\/\/www.adventureradio.de\/wp-content\/uploads\/2019\/08\/gmaff.jpg\" alt=\"\" width=\"1401\" height=\"991\" srcset=\"https:\/\/www.adventureradio.de\/wp-content\/uploads\/2019\/08\/gmaff.jpg 1401w, https:\/\/www.adventureradio.de\/wp-content\/uploads\/2019\/08\/gmaff-300x212.jpg 300w, https:\/\/www.adventureradio.de\/wp-content\/uploads\/2019\/08\/gmaff-768x543.jpg 768w, https:\/\/www.adventureradio.de\/wp-content\/uploads\/2019\/08\/gmaff-1024x724.jpg 1024w\" sizes=\"auto, (max-width: 767px) 89vw, (max-width: 1000px) 54vw, (max-width: 1071px) 543px, 580px\" \/><\/a><\/p>\n<figure id=\"attachment_501\" aria-describedby=\"caption-attachment-501\" style=\"width: 500px\" class=\"wp-caption aligncenter\"><a href=\"https:\/\/www.adventureradio.de\/wp-content\/uploads\/2010\/04\/dlffs.jpg\"><img loading=\"lazy\" decoding=\"async\" class=\"size-full wp-image-501\" title=\"dlffs\" src=\"https:\/\/www.adventureradio.de\/wp-content\/uploads\/2010\/04\/dlffs.jpg\" alt=\"\" width=\"500\" height=\"356\" srcset=\"https:\/\/www.adventureradio.de\/wp-content\/uploads\/2010\/04\/dlffs.jpg 500w, https:\/\/www.adventureradio.de\/wp-content\/uploads\/2010\/04\/dlffs-300x213.jpg 300w\" sizes=\"auto, (max-width: 500px) 100vw, 500px\" \/><\/a><figcaption id=\"caption-attachment-501\" class=\"wp-caption-text\">DLFF Expedition Award<\/figcaption><\/figure>\n<figure id=\"attachment_1864\" aria-describedby=\"caption-attachment-1864\" style=\"width: 500px\" class=\"wp-caption aligncenter\"><a href=\"https:\/\/www.adventureradio.de\/wp-content\/uploads\/2012\/01\/ozff_award_001.jpg\"><img loading=\"lazy\" decoding=\"async\" class=\"size-full wp-image-1864\" title=\"ozff_award_001\" src=\"https:\/\/www.adventureradio.de\/wp-content\/uploads\/2012\/01\/ozff_award_001.jpg\" alt=\"OZFF-Award\" width=\"500\" height=\"647\" srcset=\"https:\/\/www.adventureradio.de\/wp-content\/uploads\/2012\/01\/ozff_award_001.jpg 935w, https:\/\/www.adventureradio.de\/wp-content\/uploads\/2012\/01\/ozff_award_001-231x300.jpg 231w, https:\/\/www.adventureradio.de\/wp-content\/uploads\/2012\/01\/ozff_award_001-790x1024.jpg 790w, https:\/\/www.adventureradio.de\/wp-content\/uploads\/2012\/01\/ozff_award_001-624x808.jpg 624w\" sizes=\"auto, (max-width: 500px) 100vw, 500px\" \/><\/a><figcaption id=\"caption-attachment-1864\" class=\"wp-caption-text\">OZFF-Award<\/figcaption><\/figure>\n","protected":false},"excerpt":{"rendered":"<p>Das WWFF (Word Wide Flora Fauna) ist aus dem russischen WFF-Award hervorgegangen und kann eine interessante Drau\u00dfen-Aktivierung sein. Wiederum gibt es Aktivierer und J\u00e4ger. Der Aktivierer sitzt an seiner Station in einem National- oder Naturpark. Die J\u00e4ger versuchen den Aktivierer zu erreichen. Das kann mitunter in unkontrollierbare Pile-Ups ausarten. Viele osteurop\u00e4ische Stationen bev\u00f6lkern das Pile-Up. &hellip; <\/p>\n<p class=\"link-more\"><a href=\"https:\/\/www.adventureradio.de\/?page_id=409\" class=\"more-link\"><span class=\"screen-reader-text\">\u201eWWFF\u201c <\/span>weiterlesen<\/a><\/p>\n","protected":false},"author":2,"featured_media":0,"parent":0,"menu_order":1,"comment_status":"closed","ping_status":"closed","template":"","meta":{"footnotes":""},"class_list":["post-409","page","type-page","status-publish","hentry"],"_links":{"self":[{"href":"https:\/\/www.adventureradio.de\/index.php?rest_route=\/wp\/v2\/pages\/409","targetHints":{"allow":["GET"]}}],"collection":[{"href":"https:\/\/www.adventureradio.de\/index.php?rest_route=\/wp\/v2\/pages"}],"about":[{"href":"https:\/\/www.adventureradio.de\/index.php?rest_route=\/wp\/v2\/types\/page"}],"author":[{"embeddable":true,"href":"https:\/\/www.adventureradio.de\/index.php?rest_route=\/wp\/v2\/users\/2"}],"replies":[{"embeddable":true,"href":"https:\/\/www.adventureradio.de\/index.php?rest_route=%2Fwp%2Fv2%2Fcomments&post=409"}],"version-history":[{"count":20,"href":"https:\/\/www.adventureradio.de\/index.php?rest_route=\/wp\/v2\/pages\/409\/revisions"}],"predecessor-version":[{"id":8964,"href":"https:\/\/www.adventureradio.de\/index.php?rest_route=\/wp\/v2\/pages\/409\/revisions\/8964"}],"wp:attachment":[{"href":"https:\/\/www.adventureradio.de\/index.php?rest_route=%2Fwp%2Fv2%2Fmedia&parent=409"}],"curies":[{"name":"wp","href":"https:\/\/api.w.org\/{rel}","templated":true}]}}