{"id":3629,"date":"2013-03-12T00:37:14","date_gmt":"2013-03-11T23:37:14","guid":{"rendered":"http:\/\/www.adventureradio.de\/?page_id=3629"},"modified":"2013-09-05T14:48:41","modified_gmt":"2013-09-05T13:48:41","slug":"aktivierungen","status":"publish","type":"page","link":"https:\/\/www.adventureradio.de\/?page_id=3629","title":{"rendered":"Aktivierungen"},"content":{"rendered":"<p>Hier gibt es eine Auflistung meiner verschiedensten Amateurfunk Aktivit\u00e4ten:<\/p>\n<p>&nbsp;<\/p>\n<ul>\n<li><a title=\"Bergaktivierungen\" href=\"https:\/\/www.adventureradio.de\/?page_id=4046\">Bergfunk-Aktivit\u00e4ten<\/a> ( GMA und SOTA)<\/li>\n<li><a title=\"WWFF-Aktivierungen\" href=\"https:\/\/www.adventureradio.de\/?page_id=3645\">World Wide Flora &amp; Fauna<\/a> (WWFF)<\/li>\n<li>Inseln (Islands on the Air)<\/li>\n<li>Leuchtt\u00fcrme (Lighthouses)<\/li>\n<li>Schl\u00f6sser und Burgen (Castles on the Air)<\/li>\n<li><a title=\"Logsearch\" href=\"https:\/\/www.adventureradio.de\/?page_id=3661\">Logbuch-Suche<\/a><\/li>\n<li><a title=\"Mama \u2013 was macht der Mann da?\" href=\"https:\/\/www.adventureradio.de\/?page_id=3594\">Mama &#8211; was macht der Mann da?<\/a><\/li>\n<\/ul>\n<figure id=\"attachment_3630\" aria-describedby=\"caption-attachment-3630\" style=\"width: 606px\" class=\"wp-caption aligncenter\"><a href=\"https:\/\/www.adventureradio.de\/aktivierungen\/qrz006\/\" rel=\"attachment wp-att-3630\"><img loading=\"lazy\" decoding=\"async\" class=\" wp-image-3630 \" alt=\"On frozen Lake D\u00fcmmer \" src=\"https:\/\/www.adventureradio.de\/wp-content\/uploads\/2013\/03\/qrz006.jpg\" width=\"606\" height=\"200\" srcset=\"https:\/\/www.adventureradio.de\/wp-content\/uploads\/2013\/03\/qrz006.jpg 1010w, https:\/\/www.adventureradio.de\/wp-content\/uploads\/2013\/03\/qrz006-300x98.jpg 300w\" sizes=\"auto, (max-width: 606px) 100vw, 606px\" \/><\/a><figcaption id=\"caption-attachment-3630\" class=\"wp-caption-text\">On frozen Lake D\u00fcmmer<\/figcaption><\/figure>\n<figure id=\"attachment_3633\" aria-describedby=\"caption-attachment-3633\" style=\"width: 606px\" class=\"wp-caption aligncenter\"><a href=\"https:\/\/www.adventureradio.de\/aktivierungen\/qrz007\/\" rel=\"attachment wp-att-3633\"><img loading=\"lazy\" decoding=\"async\" class=\" wp-image-3633 \" alt=\"Im Wattenmeer\" src=\"https:\/\/www.adventureradio.de\/wp-content\/uploads\/2013\/03\/qrz007.jpg\" width=\"606\" height=\"200\" srcset=\"https:\/\/www.adventureradio.de\/wp-content\/uploads\/2013\/03\/qrz007.jpg 1010w, https:\/\/www.adventureradio.de\/wp-content\/uploads\/2013\/03\/qrz007-300x98.jpg 300w\" sizes=\"auto, (max-width: 606px) 100vw, 606px\" \/><\/a><figcaption id=\"caption-attachment-3633\" class=\"wp-caption-text\">Im Wattenmeer<\/figcaption><\/figure>\n","protected":false},"excerpt":{"rendered":"<p>Hier gibt es eine Auflistung meiner verschiedensten Amateurfunk Aktivit\u00e4ten: &nbsp; Bergfunk-Aktivit\u00e4ten ( GMA und SOTA) World Wide Flora &amp; Fauna (WWFF) Inseln (Islands on the Air) Leuchtt\u00fcrme (Lighthouses) Schl\u00f6sser und Burgen (Castles on the Air) Logbuch-Suche Mama &#8211; was macht der Mann da?<\/p>\n","protected":false},"author":1,"featured_media":0,"parent":0,"menu_order":0,"comment_status":"closed","ping_status":"closed","template":"","meta":{"footnotes":""},"class_list":["post-3629","page","type-page","status-publish","hentry"],"_links":{"self":[{"href":"https:\/\/www.adventureradio.de\/index.php?rest_route=\/wp\/v2\/pages\/3629","targetHints":{"allow":["GET"]}}],"collection":[{"href":"https:\/\/www.adventureradio.de\/index.php?rest_route=\/wp\/v2\/pages"}],"about":[{"href":"https:\/\/www.adventureradio.de\/index.php?rest_route=\/wp\/v2\/types\/page"}],"author":[{"embeddable":true,"href":"https:\/\/www.adventureradio.de\/index.php?rest_route=\/wp\/v2\/users\/1"}],"replies":[{"embeddable":true,"href":"https:\/\/www.adventureradio.de\/index.php?rest_route=%2Fwp%2Fv2%2Fcomments&post=3629"}],"version-history":[{"count":13,"href":"https:\/\/www.adventureradio.de\/index.php?rest_route=\/wp\/v2\/pages\/3629\/revisions"}],"predecessor-version":[{"id":4403,"href":"https:\/\/www.adventureradio.de\/index.php?rest_route=\/wp\/v2\/pages\/3629\/revisions\/4403"}],"wp:attachment":[{"href":"https:\/\/www.adventureradio.de\/index.php?rest_route=%2Fwp%2Fv2%2Fmedia&parent=3629"}],"curies":[{"name":"wp","href":"https:\/\/api.w.org\/{rel}","templated":true}]}}