{"id":3594,"date":"2013-03-11T12:11:54","date_gmt":"2013-03-11T11:11:54","guid":{"rendered":"http:\/\/www.adventureradio.de\/?page_id=3594"},"modified":"2025-11-09T14:08:06","modified_gmt":"2025-11-09T13:08:06","slug":"afu","status":"publish","type":"page","link":"https:\/\/www.adventureradio.de\/?page_id=3594","title":{"rendered":"Mama &#8211; was macht der Mann da?"},"content":{"rendered":"<p>Nein, das sind keine wissenschaftlichen Untersuchungen, hier wird auch nichts gemessen und <a href=\"http:\/\/www.geocaching.com\" target=\"_blank\" rel=\"noopener\">Geocaching<\/a> ist das schon gar nicht; denn hier <b>funkt&#8217;s.<\/b><b><\/b><\/p>\n<hr \/>\n<p><strong>Amateurfunk:<\/strong> Das spannende Hobby f\u00fcr Menschen jeden Alters, das Technik, Kommunikation und auch Sport vereint.<\/p>\n<hr \/>\n<p>Ein sehr anschauliches Video von Michael (DL2YMR) \u00fcber Amateurfunk:<\/p>\n<p><iframe loading=\"lazy\" title=\"Was ist Amateurfunk? Weltweite Verbindungen \u2013 ganz ohne Internet. Anleitung f\u00fcr WebSDR.\" width=\"525\" height=\"295\" src=\"https:\/\/www.youtube.com\/embed\/IS51qi9yHDs?feature=oembed\" frameborder=\"0\" allow=\"accelerometer; autoplay; clipboard-write; encrypted-media; gyroscope; picture-in-picture; web-share\" referrerpolicy=\"strict-origin-when-cross-origin\" allowfullscreen><\/iframe><\/p>\n<hr \/>\n<p><strong>Amateurfunk<\/strong> ist der Weg, um mit Menschen auf der ganzen Welt in Kontakt zu treten und um<\/p>\n<ul>\n<li>das Interesse an der Technik zu wecken,<\/li>\n<li>die Kenntnisse \u00fcber technische Zusammenh\u00e4nge zu entwickeln und damit mehr junge Menschen, zu einer Ingenieur- oder naturwissenschaftlichen Ausbildung zu f\u00fchren<\/li>\n<li>behinderte Menschen zu integrieren,<\/li>\n<li>soziale Kompetenz zu entwickeln,<\/li>\n<li>Pers\u00f6nlichkeitsentwicklung durch Leistungsorientierung zu f\u00f6rdern\u00a0 und\u00a0 Freude durch Erfolge im funksportlichen Vergleich im Rahmen von Amateurfunkwettbewerben zu f\u00f6rdern,<\/li>\n<li>zur weltweiten V\u00f6lkerverst\u00e4ndigung beizutragen und die Integration ausl\u00e4ndischer Mitb\u00fcrger zu f\u00f6rdern,<\/li>\n<li>die Gemeinschaft beim Katastrophenschutz zu unterst\u00fctzen.<\/li>\n<\/ul>\n<hr \/>\n<p><strong>Wie weit?<\/strong><\/p>\n<figure id=\"attachment_5841\" aria-describedby=\"caption-attachment-5841\" style=\"width: 100px\" class=\"wp-caption alignleft\"><a href=\"https:\/\/www.adventureradio.de\/wp-content\/uploads\/2013\/03\/wellen_ausbreitung.jpg\"><img loading=\"lazy\" decoding=\"async\" class=\"wp-image-5841\" src=\"https:\/\/www.adventureradio.de\/wp-content\/uploads\/2013\/03\/wellen_ausbreitung-300x225.jpg\" alt=\" (Wikipedia: Wellenausbreitung)\" width=\"100\" height=\"75\" srcset=\"https:\/\/www.adventureradio.de\/wp-content\/uploads\/2013\/03\/wellen_ausbreitung-300x225.jpg 300w, https:\/\/www.adventureradio.de\/wp-content\/uploads\/2013\/03\/wellen_ausbreitung.jpg 348w\" sizes=\"auto, (max-width: 100px) 100vw, 100px\" \/><\/a><figcaption id=\"caption-attachment-5841\" class=\"wp-caption-text\">(Wikipedia: Wellenausbreitung)<\/figcaption><\/figure>\n<p>Damit ist auch schon fast die n\u00e4chste neugierige Frage beantwortet: wie weit kommt man denn? Das ist ganz einfach: \u00fcberall dort, wo ein anderer Funkamateur auf der Erde seine Funkstation hat, ist er auch erreichbar. Sei es in der Antarktis, auf einer kleinen Pazifikinsel oder auf einer Wandertour im Sauerland. Selbst die Internationale Raumstation ISS hat Amateurfunk an Bord und im Weltraum kreisen Amateurfunksatelliten, die mit wenig Aufwand erreichbar sind.<\/p>\n<hr \/>\n<p><strong>Ohne Flei\u00df kein Preis<\/strong><\/p>\n<p><a href=\"https:\/\/www.adventureradio.de\/wp-content\/uploads\/2013\/03\/lis.jpg\"><img loading=\"lazy\" decoding=\"async\" class=\"alignleft wp-image-5839\" src=\"https:\/\/www.adventureradio.de\/wp-content\/uploads\/2013\/03\/lis-208x300.jpg\" alt=\"\" width=\"100\" height=\"144\" srcset=\"https:\/\/www.adventureradio.de\/wp-content\/uploads\/2013\/03\/lis-208x300.jpg 208w, https:\/\/www.adventureradio.de\/wp-content\/uploads\/2013\/03\/lis.jpg 348w\" sizes=\"auto, (max-width: 100px) 100vw, 100px\" \/><\/a>Damit man &#8222;onair&#8220; (\u00e4quivalent f\u00fcr &#8222;online&#8220;) sein kann, gen\u00fcgt es nat\u00fcrlich nicht, sich einen Amateurfunkanschlu\u00df zu bestellen. Der Amateurfunker braucht eine Lizenz, und vor diesem &#8222;\u00c4ther-F\u00fchrerschein&#8220; steht eine Pr\u00fcfung bei der <a href=\"http:\/\/www.bundesnetzagentur.de\/DE\/Sachgebiete\/Telekommunikation\/RegulierungTelekommunikation\/Frequenzordnung\/Amateurfunk\/amateurfunk_node.html\" target=\"_blank\" rel=\"noopener\"><b>Bundesnetzagentur<\/b><\/a>.<\/p>\n<hr \/>\n<p><strong><b>Ich will auch Funken! Was muss ich tun?<\/b><\/strong><\/p>\n<p><a href=\"https:\/\/www.adventureradio.de\/wp-content\/uploads\/2013\/03\/paragraph.jpg\"><img loading=\"lazy\" decoding=\"async\" class=\"alignleft wp-image-5851\" src=\"https:\/\/www.adventureradio.de\/wp-content\/uploads\/2013\/03\/paragraph.jpg\" alt=\"\" width=\"30\" height=\"30\" \/><\/a>Um Amateurfunk betreiben zu k\u00f6nnen, ist eine Lizenz erforderlich. Diese Lizenz gew\u00e4hrt Zugang zu den Frequenzb\u00e4ndern und erfordert Kenntnisse der Elektro- und Funktechnik, der Vorschriften und der Betriebstechnik.<\/p>\n<p><a href=\"https:\/\/www.adventureradio.de\/wp-content\/uploads\/2013\/03\/antenne.jpg\"><img loading=\"lazy\" decoding=\"async\" class=\"alignleft wp-image-5850\" src=\"https:\/\/www.adventureradio.de\/wp-content\/uploads\/2013\/03\/antenne.jpg\" alt=\"\" width=\"30\" height=\"30\" \/><\/a>F\u00fcr die Amateurfunklizenz m\u00fcssen Sie folgende Kenntnisse nachweisen:<\/p>\n<div class=\"response-container-content ng-tns-c2749850161-83\">\n<div class=\"response-content ng-trigger ng-trigger-responsePopulation ng-tns-c2749850161-83 ng-animate-disabled\">\n<div class=\"markdown markdown-main-panel\" dir=\"ltr\">\n<ul data-sourcepos=\"5:1-8:0\">\n<li data-sourcepos=\"5:1-5:160\">Grundkenntnisse der Elektro- und Funktechnik, einschlie\u00dflich der verschiedenen Arten von Antennen, der Wellenausbreitung und der Vorschriften zum Amateurfunk.<\/li>\n<li data-sourcepos=\"6:1-6:51\">Kenntnisse der Bauweise eines Senders\/Empf\u00e4ngers.<\/li>\n<li data-sourcepos=\"7:1-8:0\">Kenntnisse einiger Amateurfunk-Abk\u00fcrzungen.<\/li>\n<\/ul>\n<\/div>\n<\/div>\n<\/div>\n<p><a href=\"https:\/\/www.adventureradio.de\/wp-content\/uploads\/2013\/03\/1412174758_edu_mathematics.png\"><img loading=\"lazy\" decoding=\"async\" class=\"alignleft wp-image-5847\" src=\"https:\/\/www.adventureradio.de\/wp-content\/uploads\/2013\/03\/1412174758_edu_mathematics.png\" alt=\"\" width=\"30\" height=\"30\" \/><\/a>F\u00fcr die Pr\u00fcfung ben\u00f6tigen Sie Mathematikkenntnisse, die etwa der Klasse 8 entsprechen. Man kann zu Hause lernen oder an einem der gelegentlich angebotenen Kurse eines Ortsverbandes des\u00a0 <a title=\"DARC\" href=\"http:\/\/www.darc.de\" target=\"_blank\" rel=\"noopener\">Deutschen Amateur Radio Clubs e.V.\u00a0<\/a> (DARC) teilnehmen.<\/p>\n<p>Mehr Tipps und Informationen gib es bei <a title=\"Wikipedia\" href=\"http:\/\/de.wikipedia.org\/wiki\/Amateurfunkzeugnis\" target=\"_blank\" rel=\"noopener\">Wikipedia<\/a> und bei der <a title=\"Amateurfunk BNETZA\" href=\"http:\/\/www.bundesnetzagentur.de\/cln_1932\/DE\/Sachgebiete\/Telekommunikation\/Unternehmen_Institutionen\/Frequenzen\/SpezielleAnwendungen\/Amateurfunk\/amateurfunk_node.html\" target=\"_blank\" rel=\"noopener\">Bundesnetzagentur<\/a>.<\/p>\n<hr \/>\n<p>&nbsp;<\/p>\n<p><strong>Und was macht man so als Funkamateur?<\/strong><\/p>\n<p>Als lizenzierter Funkamateur haben Sie die M\u00f6glichkeit, sich mit Tausenden von Gleichgesinnten auf der ganzen Welt zu verbinden. Sie k\u00f6nnen Kontakt mit einem anderen Funkamateur in der gleichen Gemeinde oder in Europa, Afrika oder Amerika innerhalb von Minuten machen. Kontakte k\u00f6nnen \u00fcber Kurzwelle, UKW oder sogar via Satellit gekn\u00fcpft werden. Das Hobby ist sehr breit gef\u00e4chert und es gibt viele verschiedene Spezialgebiete.<\/p>\n<div class=\"response-container-content ng-tns-c2749850161-110\">\n<div class=\"response-content ng-trigger ng-trigger-responsePopulation ng-tns-c2749850161-110 ng-animate-disabled\">\n<div class=\"markdown markdown-main-panel\" dir=\"ltr\">\n<p data-sourcepos=\"3:1-3:117\">Telegrafie und Telefonie sind die klassischen Formen des Amateurfunks, aber es gibt noch viel mehr M\u00f6glichkeiten. Man kann auch Bilder schicken, der heimische PC\u00a0 kann mit dem Funkger\u00e4t verbunden werden und so k\u00f6nnen Funkverbindungen auch per Chat hergestellt werden. Die M\u00f6glichkeiten sind endlos, und es gibt immer etwas Neues zu lernen.<\/p>\n<\/div>\n<\/div>\n<\/div>\n<p>Die Kurzwelle ist das klassische Frequenzband f\u00fcr den Amateurfunk, aber es gibt auch viele andere M\u00f6glichkeiten. Die meisten Amateure beginnen in der Regel auf etwas h\u00f6heren Frequenzen. Es gibt auch viele, die ein Funkger\u00e4t f\u00fcr 145 MHz (2m-Band) oder 432 MHz (70cm-Band) in ihr Fahrzeug eingebaut haben.<\/p>\n<figure id=\"attachment_5020\" aria-describedby=\"caption-attachment-5020\" style=\"width: 1000px\" class=\"wp-caption alignleft\"><a href=\"https:\/\/www.adventureradio.de\/wp-content\/uploads\/2014\/04\/2014041902.jpg\"><img loading=\"lazy\" decoding=\"async\" class=\"wp-image-5020 size-full\" src=\"https:\/\/www.adventureradio.de\/wp-content\/uploads\/2014\/04\/2014041902.jpg\" alt=\"Portable Digital Setup \" width=\"1000\" height=\"563\" srcset=\"https:\/\/www.adventureradio.de\/wp-content\/uploads\/2014\/04\/2014041902.jpg 1000w, https:\/\/www.adventureradio.de\/wp-content\/uploads\/2014\/04\/2014041902-300x168.jpg 300w\" sizes=\"auto, (max-width: 767px) 89vw, (max-width: 1000px) 54vw, (max-width: 1071px) 543px, 580px\" \/><\/a><figcaption id=\"caption-attachment-5020\" class=\"wp-caption-text\">Portable Digital Setup<\/figcaption><\/figure>\n<p>Sie k\u00f6nnen Ihre eigenen Antennen oder sogar Funkger\u00e4te bauen oder versuchen, viele Funkverbindungen in die verschiedensten Teile der Welt herzustellen oder an einem der vielen Funk-Wettbewerbe teilnehmen.<\/p>\n<hr \/>\n<p><strong>Freunde auf der ganzen Welt!<\/strong><\/p>\n<p>Amateurfunk ist ein Hobby mit besonderem Schwerpunkt auf\u00a0 Funk-Kommunikation. Es ist einfach, mit Hilfe von Amateurfunk neue Freunde zu finden. Die Funkwellen \u00fcberwinden alle L\u00e4ndergrenzen.<\/p>\n<p>Man bekommt ein gutes Training f\u00fcr eine Fremdsprache, wenn Sie mit Funkamateuren au\u00dferhalb Deutschlands in Kontakt treten. In der Regel wird Englisch gesprochen, aber Sie bekommen auch die M\u00f6glichkeit in vielen anderen Sprachen zu sprechen &#8211; wenn Sie wollen. Auch verhilft das Hobby zu einem besseren Verst\u00e4ndnis zwischen den Nationen und V\u00f6lkern.<\/p>\n<h4><strong>Links<\/strong><\/h4>\n<p>Da die Frage, was denn \u00fcberhaupt Amateurfunk ist, im Internet schon ersch\u00f6pfend beantwortet wurde, hier ein paar Links zum Thema:<\/p>\n<ul>\n<li>Interessante Wikipedia Artikel\n<ul>\n<li><a title=\"Funkamateur\" href=\"http:\/\/de.wikipedia.org\/wiki\/Funkamateur\" target=\"_blank\" rel=\"noopener\">Funkamateur<\/a><\/li>\n<li><a title=\"Amateurfunkdienst\" href=\"http:\/\/de.wikipedia.org\/wiki\/Amateurfunkdienst\" target=\"_blank\" rel=\"noopener\">Amateufunkdienst<\/a><\/li>\n<li><a title=\"Amateurfunkstelle\" href=\"http:\/\/de.wikipedia.org\/wiki\/Amateurfunkstelle\" target=\"_blank\" rel=\"noopener\">Amateurfunkstell<\/a>e<\/li>\n<li><a title=\"Contest\" href=\"https:\/\/de.wikipedia.org\/wiki\/Amateurfunkwettbewerb\" target=\"_blank\" rel=\"noopener\">Amateurfunk-Contest<\/a><\/li>\n<li><a title=\"Awards\" href=\"http:\/\/de.wikipedia.org\/wiki\/Amateurfunkdiplom\" target=\"_blank\" rel=\"noopener\">Amateurfunk-Diplom<\/a><\/li>\n<li><a title=\"QSL\" href=\"http:\/\/de.wikipedia.org\/wiki\/QSL-Karte\" target=\"_blank\" rel=\"noopener\">Die QSL Karte<\/a><\/li>\n<li><a title=\"QRG\" href=\"http:\/\/de.wikipedia.org\/wiki\/Amateurfunkband\" target=\"_blank\" rel=\"noopener\">Amateurfunk-Frequenzen<\/a><\/li>\n<\/ul>\n<\/li>\n<li><a title=\"BNetzA Amateurfunk\" href=\"https:\/\/www.bundesnetzagentur.de\/DE\/Fachthemen\/Telekommunikation\/Frequenzen\/SpezielleAnwendungen\/Amateurfunk\/start.html\" target=\"_blank\" rel=\"noopener\">Amateurfunk bei der Bundesnetzagentur<\/a><\/li>\n<li><a href=\"http:\/\/www.google.de\/search?q=was+ist+amateurfunk\" target=\"_blank\" rel=\"noopener\">Was ist Amateurfunk? via Google<\/a><\/li>\n<\/ul>\n<p>&nbsp;<\/p>\n<table>\n<tbody>\n<tr>\n<td valign=\"top\">\n<p><figure id=\"attachment_3601\" aria-describedby=\"caption-attachment-3601\" style=\"width: 200px\" class=\"wp-caption aligncenter\"><a href=\"https:\/\/www.adventureradio.de\/about\/testseite\/q2\/\" rel=\"attachment wp-att-3601\"><img loading=\"lazy\" decoding=\"async\" class=\"size-full wp-image-3601\" src=\"https:\/\/www.adventureradio.de\/wp-content\/uploads\/2013\/03\/q2.jpg\" alt=\"5U7Y aus dem Niger\" width=\"200\" height=\"128\" \/><\/a><figcaption id=\"caption-attachment-3601\" class=\"wp-caption-text\">5U7Y aus dem Niger<\/figcaption><\/figure><\/td>\n<td valign=\"top\"><figure id=\"attachment_3602\" aria-describedby=\"caption-attachment-3602\" style=\"width: 200px\" class=\"wp-caption aligncenter\"><a href=\"https:\/\/www.adventureradio.de\/about\/testseite\/q3\/\" rel=\"attachment wp-att-3602\"><img loading=\"lazy\" decoding=\"async\" class=\"size-full wp-image-3602\" src=\"https:\/\/www.adventureradio.de\/wp-content\/uploads\/2013\/03\/q3.jpg\" alt=\"J28JY aus Dschibuti\" width=\"200\" height=\"129\" \/><\/a><figcaption id=\"caption-attachment-3602\" class=\"wp-caption-text\">J28JY aus Dschibuti[\/caption<\/figcaption><\/figure><\/td>\n<td valign=\"top\">\n<p><figure id=\"attachment_3603\" aria-describedby=\"caption-attachment-3603\" style=\"width: 200px\" class=\"wp-caption aligncenter\"><a href=\"https:\/\/www.adventureradio.de\/wp-content\/uploads\/2013\/03\/q4.jpg\"><img loading=\"lazy\" decoding=\"async\" class=\"size-full wp-image-3603\" src=\"https:\/\/www.adventureradio.de\/wp-content\/uploads\/2013\/03\/q4.jpg\" alt=\"ER0WW aus Moldawien\" width=\"200\" height=\"126\" \/><\/a><figcaption id=\"caption-attachment-3603\" class=\"wp-caption-text\">ER0WW aus Moldawien<\/figcaption><\/figure><\/td>\n<\/tr>\n<tr>\n<td valign=\"top\">\n<p><figure id=\"attachment_3606\" aria-describedby=\"caption-attachment-3606\" style=\"width: 200px\" class=\"wp-caption aligncenter\"><a href=\"https:\/\/www.adventureradio.de\/about\/testseite\/q7\/\" rel=\"attachment wp-att-3606\"><img loading=\"lazy\" decoding=\"async\" class=\"size-full wp-image-3606\" src=\"https:\/\/www.adventureradio.de\/wp-content\/uploads\/2013\/03\/q7.jpg\" alt=\"CN2AW aus Marokko\" width=\"200\" height=\"127\" \/><\/a><figcaption id=\"caption-attachment-3606\" class=\"wp-caption-text\">CN2AW aus Marokko<\/figcaption><\/figure><\/td>\n<td valign=\"top\">\n<p><figure id=\"attachment_3604\" aria-describedby=\"caption-attachment-3604\" style=\"width: 200px\" class=\"wp-caption aligncenter\"><a href=\"https:\/\/www.adventureradio.de\/about\/testseite\/q5\/\" rel=\"attachment wp-att-3604\"><img loading=\"lazy\" decoding=\"async\" class=\"size-full wp-image-3604\" src=\"https:\/\/www.adventureradio.de\/wp-content\/uploads\/2013\/03\/q5.jpg\" alt=\"BY5RA aus China\" width=\"200\" height=\"137\" \/><\/a><figcaption id=\"caption-attachment-3604\" class=\"wp-caption-text\">BY5RA aus China<\/figcaption><\/figure><\/td>\n<td valign=\"top\">\n<p><figure id=\"attachment_3605\" aria-describedby=\"caption-attachment-3605\" style=\"width: 200px\" class=\"wp-caption aligncenter\"><a href=\"https:\/\/www.adventureradio.de\/about\/testseite\/q6\/\" rel=\"attachment wp-att-3605\"><img loading=\"lazy\" decoding=\"async\" class=\"size-full wp-image-3605\" src=\"https:\/\/www.adventureradio.de\/wp-content\/uploads\/2013\/03\/q6.jpg\" alt=\"VP8BKT von den Falklandinseln\" width=\"200\" height=\"129\" \/><\/a><figcaption id=\"caption-attachment-3605\" class=\"wp-caption-text\">VP8BKT von den Falklandinseln<\/figcaption><\/figure><\/td>\n<\/tr>\n<\/tbody>\n<\/table>\n<p>&nbsp;<\/p>\n","protected":false},"excerpt":{"rendered":"<p>Nein, das sind keine wissenschaftlichen Untersuchungen, hier wird auch nichts gemessen und Geocaching ist das schon gar nicht; denn hier funkt&#8217;s. Amateurfunk: Das spannende Hobby f\u00fcr Menschen jeden Alters, das Technik, Kommunikation und auch Sport vereint. Ein sehr anschauliches Video von Michael (DL2YMR) \u00fcber Amateurfunk: Amateurfunk ist der Weg, um mit Menschen auf der ganzen &hellip; <\/p>\n<p class=\"link-more\"><a href=\"https:\/\/www.adventureradio.de\/?page_id=3594\" class=\"more-link\"><span class=\"screen-reader-text\">\u201eMama &#8211; was macht der Mann da?\u201c <\/span>weiterlesen<\/a><\/p>\n","protected":false},"author":1,"featured_media":0,"parent":3629,"menu_order":10,"comment_status":"open","ping_status":"open","template":"","meta":{"footnotes":""},"class_list":["post-3594","page","type-page","status-publish","hentry"],"_links":{"self":[{"href":"https:\/\/www.adventureradio.de\/index.php?rest_route=\/wp\/v2\/pages\/3594","targetHints":{"allow":["GET"]}}],"collection":[{"href":"https:\/\/www.adventureradio.de\/index.php?rest_route=\/wp\/v2\/pages"}],"about":[{"href":"https:\/\/www.adventureradio.de\/index.php?rest_route=\/wp\/v2\/types\/page"}],"author":[{"embeddable":true,"href":"https:\/\/www.adventureradio.de\/index.php?rest_route=\/wp\/v2\/users\/1"}],"replies":[{"embeddable":true,"href":"https:\/\/www.adventureradio.de\/index.php?rest_route=%2Fwp%2Fv2%2Fcomments&post=3594"}],"version-history":[{"count":44,"href":"https:\/\/www.adventureradio.de\/index.php?rest_route=\/wp\/v2\/pages\/3594\/revisions"}],"predecessor-version":[{"id":9195,"href":"https:\/\/www.adventureradio.de\/index.php?rest_route=\/wp\/v2\/pages\/3594\/revisions\/9195"}],"up":[{"embeddable":true,"href":"https:\/\/www.adventureradio.de\/index.php?rest_route=\/wp\/v2\/pages\/3629"}],"wp:attachment":[{"href":"https:\/\/www.adventureradio.de\/index.php?rest_route=%2Fwp%2Fv2%2Fmedia&parent=3594"}],"curies":[{"name":"wp","href":"https:\/\/api.w.org\/{rel}","templated":true}]}}