{"id":2,"date":"2009-05-20T19:47:35","date_gmt":"2009-05-20T19:47:35","guid":{"rendered":"http:\/\/www.adventureradio.de\/about\/"},"modified":"2018-05-14T15:58:36","modified_gmt":"2018-05-14T13:58:36","slug":"about","status":"publish","type":"page","link":"https:\/\/www.adventureradio.de\/?page_id=2","title":{"rendered":"\u00dcber \/ Impressum"},"content":{"rendered":"<p>Dies ist eine private Webseite; sie dient der F\u00f6rderung des Amateurfunks und verfolgt keinerlei kommerzielle Ziele. Verantwortlich f\u00fcr diese Webseite ist: Mario Fietz, DL4MFM<\/p>\n<p>Kontakt: dl4mfm (#)\u00a0 AdventureRadio.de<\/p>\n<p><a href=\"http:\/\/www.facebook.com\/dl4mfm\" target=\"_blank\" rel=\"noopener\"><img loading=\"lazy\" decoding=\"async\" class=\"alignleft wp-image-6020\" src=\"https:\/\/www.adventureradio.de\/wp-content\/uploads\/2009\/05\/find-me-on-facebook.png\" alt=\"find-me-on-facebook\" width=\"130\" height=\"40\" \/><\/a><\/p>\n<p>&nbsp;<\/p>\n<p>&nbsp;<\/p>\n<p>QTH Osnabr\u00fcck<\/p>\n<p>lizenziert seit 1978 (C-Lizenz), 1979 (B-Lizenz),<\/p>\n<p><a href=\"https:\/\/www.qrz.com\/db\/dl4mfm\" target=\"_blank\" rel=\"noopener\"><b>DL4MFM on qrz.com<\/b><\/a><\/p>\n<hr size=\"1\" \/>\n<p><img loading=\"lazy\" decoding=\"async\" class=\"aligncenter size-full wp-image-7147\" src=\"https:\/\/www.adventureradio.de\/wp-content\/uploads\/2009\/05\/dl4mfm_impressum.jpg\" alt=\"\" width=\"815\" height=\"500\" srcset=\"https:\/\/www.adventureradio.de\/wp-content\/uploads\/2009\/05\/dl4mfm_impressum.jpg 815w, https:\/\/www.adventureradio.de\/wp-content\/uploads\/2009\/05\/dl4mfm_impressum-300x184.jpg 300w, https:\/\/www.adventureradio.de\/wp-content\/uploads\/2009\/05\/dl4mfm_impressum-768x471.jpg 768w\" sizes=\"auto, (max-width: 767px) 89vw, (max-width: 1000px) 54vw, (max-width: 1071px) 543px, 580px\" \/><\/p>\n<hr size=\"1\" \/>\n<p>This site is mostly in German, because you can find enough information in English on the Web.<\/p>\n<p>You can easily start here:<\/p>\n<ul>\n<li><a title=\"SOTA\" href=\"http:\/\/www.sota.org.uk\/\" target=\"_blank\" rel=\"noopener\">Summits on the Air &#8211; SOTA<\/a><\/li>\n<li><a title=\"WWFF\" href=\"http:\/\/www.wwff44.co\" target=\"_blank\" rel=\"noopener\">World Wide Flora &amp; Fauna &#8211; WWFF<\/a><\/li>\n<li><a title=\"RaDAR\" href=\"http:\/\/zs6bne.wordpress.com\/\" target=\"_blank\" rel=\"noopener\">Rapid Deployment Amateur Radio &#8211; RaDAR<\/a><\/li>\n<li><a title=\"ILLW\" href=\"http:\/\/illw.info\/\" target=\"_blank\" rel=\"noopener\">International Lighthouse and Lightship Weekend &#8211; ILLW<\/a><\/li>\n<\/ul>\n<hr \/>\n<p><strong>Adventure Radio<\/strong> ist Amateurfunkspa\u00df &#8222;umsonst &amp; drau\u00dfen&#8220;. Also &#8218;raus aus dem Shack und &#8218;rein in die Natur und an einem der zahlreichen Programme teilnehmen.Informationen f\u00fcr Nicht-Funkamateure:<a href=\"https:\/\/www.adventureradio.de\/afu\" target=\"_blank\" rel=\"noopener\"> Mama &#8211; was macht der Mann da?<\/a><\/p>\n<hr \/>\n<h3>Disclaimer \/ Haftungsausschl\u00fcsse<\/h3>\n<p>Trotz sorgf\u00e4ltiger Auswahl wird keine Haftung f\u00fcr die Inhalte externer links \u00fcbernommen; f\u00fcr den Inhalt der verlinkten Seiten sind ausschlie\u00dflich deren Betreiber verantwortlich.<\/p>\n<p>Die Inhalte dieser Website wurden nach bestem Wissen und Gewissen zusammengestellt und gepr\u00fcft; dennoch kann ich keine Gew\u00e4hr f\u00fcr Richtigkeit, Vollst\u00e4ndigkeit und Aktualit\u00e4t \u00fcbernehmen. Ich hafte nicht f\u00fcr Sch\u00e4den, die im Zusammenhang mit der Verwendung dieser Inhalte stehen.<\/p>\n<p>73 &amp; have fun<\/p>\n<p>&nbsp;<\/p>\n<p>&nbsp;<\/p>\n","protected":false},"excerpt":{"rendered":"<p>Dies ist eine private Webseite; sie dient der F\u00f6rderung des Amateurfunks und verfolgt keinerlei kommerzielle Ziele. Verantwortlich f\u00fcr diese Webseite ist: Mario Fietz, DL4MFM Kontakt: dl4mfm (#)\u00a0 AdventureRadio.de &nbsp; &nbsp; QTH Osnabr\u00fcck lizenziert seit 1978 (C-Lizenz), 1979 (B-Lizenz), DL4MFM on qrz.com This site is mostly in German, because you can find enough information in English &hellip; <\/p>\n<p class=\"link-more\"><a href=\"https:\/\/www.adventureradio.de\/?page_id=2\" class=\"more-link\"><span class=\"screen-reader-text\">\u201e\u00dcber \/ Impressum\u201c <\/span>weiterlesen<\/a><\/p>\n","protected":false},"author":2,"featured_media":0,"parent":0,"menu_order":4,"comment_status":"closed","ping_status":"closed","template":"","meta":{"footnotes":""},"class_list":["post-2","page","type-page","status-publish","hentry"],"_links":{"self":[{"href":"https:\/\/www.adventureradio.de\/index.php?rest_route=\/wp\/v2\/pages\/2","targetHints":{"allow":["GET"]}}],"collection":[{"href":"https:\/\/www.adventureradio.de\/index.php?rest_route=\/wp\/v2\/pages"}],"about":[{"href":"https:\/\/www.adventureradio.de\/index.php?rest_route=\/wp\/v2\/types\/page"}],"author":[{"embeddable":true,"href":"https:\/\/www.adventureradio.de\/index.php?rest_route=\/wp\/v2\/users\/2"}],"replies":[{"embeddable":true,"href":"https:\/\/www.adventureradio.de\/index.php?rest_route=%2Fwp%2Fv2%2Fcomments&post=2"}],"version-history":[{"count":46,"href":"https:\/\/www.adventureradio.de\/index.php?rest_route=\/wp\/v2\/pages\/2\/revisions"}],"predecessor-version":[{"id":7912,"href":"https:\/\/www.adventureradio.de\/index.php?rest_route=\/wp\/v2\/pages\/2\/revisions\/7912"}],"wp:attachment":[{"href":"https:\/\/www.adventureradio.de\/index.php?rest_route=%2Fwp%2Fv2%2Fmedia&parent=2"}],"curies":[{"name":"wp","href":"https:\/\/api.w.org\/{rel}","templated":true}]}}